{"id":501,"date":"2023-08-06T17:47:10","date_gmt":"2023-08-06T17:47:10","guid":{"rendered":"http:\/\/a2p-2023.staging.excentric.id\/consultoria-investigacao\/"},"modified":"2024-04-04T16:32:53","modified_gmt":"2024-04-04T16:32:53","slug":"consultoria-investigacao","status":"publish","type":"page","link":"https:\/\/a2p-2023.staging.excentric.id\/en\/consultoria-investigacao\/","title":{"rendered":"Consulting &#038; Investigation"},"content":{"rendered":"<p>Throughout its history, A2P has had the opportunity to extend its knowledge and expertise beyond projects, conducting studies and providing expertise advice regarding all types of structures, through structural diagnostics, expert consultancies, technical inspections, project coordination and design assessment.<\/p>\n<p>The importance given to the technical principles and social responsibility in the development and dissemination of knowledge are benchmarks of A2P\u2019s charisma, which lead it to participate in a myriad of scientific research initiatives and dissemination of scientific knowledge, contributing to safer structures and the development of the construction sector.<\/p>\n","protected":false},"excerpt":{"rendered":"<p>Throughout its history, A2P has had the opportunity to extend its knowledge and expertise beyond projects, conducting studies and providing expertise advice regarding all types of structures, through structural diagnostics, expert consultancies, technical inspections, project coordination and design assessment. The importance given to the technical principles and social responsibility in the development and dissemination of &hellip; <a href=\"https:\/\/a2p-2023.staging.excentric.id\/en\/consultoria-investigacao\/\">Continued<\/a><\/p>\n","protected":false},"author":1,"featured_media":0,"parent":0,"menu_order":0,"comment_status":"closed","ping_status":"closed","template":"template-consultoria-investigacao.blade.php","meta":{"_acf_changed":false,"footnotes":""},"class_list":["post-501","page","type-page","status-publish","hentry"],"acf":[],"yoast_head":"<!-- This site is optimized with the Yoast SEO plugin v27.1.1 - https:\/\/yoast.com\/product\/yoast-seo-wordpress\/ -->\n<title>Consulting &amp; Investigation - A2P<\/title>\n<meta name=\"description\" content=\"Ao longo da sua hist\u00f3ria, a A2P teve a oportunidade de levar o seu conhecimento e a sua arte al\u00e9m dos projetos, elaborando estudos e pareceres de \u00e2mbito estrutural, designadamente diagn\u00f3sticos estruturais, peritagens, inspe\u00e7\u00f5es t\u00e9cnicas, revis\u00e3o e coordena\u00e7\u00e3o de projeto.\" \/>\n<meta name=\"robots\" content=\"index, follow, max-snippet:-1, max-image-preview:large, max-video-preview:-1\" \/>\n<link rel=\"canonical\" href=\"https:\/\/a2p-2023.staging.excentric.id\/consultoria-investigacao\/\" \/>\n<meta property=\"og:locale\" content=\"en_US\" \/>\n<meta property=\"og:type\" content=\"article\" \/>\n<meta property=\"og:title\" content=\"Consulting &amp; Investigation - A2P\" \/>\n<meta property=\"og:description\" content=\"Ao longo da sua hist\u00f3ria, a A2P teve a oportunidade de levar o seu conhecimento e a sua arte al\u00e9m dos projetos, elaborando estudos e pareceres de \u00e2mbito estrutural, designadamente diagn\u00f3sticos estruturais, peritagens, inspe\u00e7\u00f5es t\u00e9cnicas, revis\u00e3o e coordena\u00e7\u00e3o de projeto.\" \/>\n<meta property=\"og:url\" content=\"https:\/\/a2p-2023.staging.excentric.id\/consultoria-investigacao\/\" \/>\n<meta property=\"og:site_name\" content=\"A2P\" \/>\n<meta property=\"article:modified_time\" content=\"2024-04-04T16:32:53+00:00\" \/>\n<meta name=\"twitter:card\" content=\"summary_large_image\" \/>\n<meta name=\"twitter:label1\" content=\"Est. reading time\" \/>\n\t<meta name=\"twitter:data1\" content=\"1 minute\" \/>\n<script type=\"application\/ld+json\" class=\"yoast-schema-graph\">{\"@context\":\"https:\/\/schema.org\",\"@graph\":[{\"@type\":\"WebPage\",\"@id\":\"https:\/\/a2p-2023.staging.excentric.id\/consultoria-investigacao\/\",\"url\":\"https:\/\/a2p-2023.staging.excentric.id\/consultoria-investigacao\/\",\"name\":\"Consulting & Investigation - A2P\",\"isPartOf\":{\"@id\":\"https:\/\/a2p-2023.staging.excentric.id\/#website\"},\"datePublished\":\"2023-08-06T17:47:10+00:00\",\"dateModified\":\"2024-04-04T16:32:53+00:00\",\"description\":\"Ao longo da sua hist\u00f3ria, a A2P teve a oportunidade de levar o seu conhecimento e a sua arte al\u00e9m dos projetos, elaborando estudos e pareceres de \u00e2mbito estrutural, designadamente diagn\u00f3sticos estruturais, peritagens, inspe\u00e7\u00f5es t\u00e9cnicas, revis\u00e3o e coordena\u00e7\u00e3o de projeto.\",\"breadcrumb\":{\"@id\":\"https:\/\/a2p-2023.staging.excentric.id\/consultoria-investigacao\/#breadcrumb\"},\"inLanguage\":\"en-US\",\"potentialAction\":[{\"@type\":\"ReadAction\",\"target\":[\"https:\/\/a2p-2023.staging.excentric.id\/consultoria-investigacao\/\"]}]},{\"@type\":\"BreadcrumbList\",\"@id\":\"https:\/\/a2p-2023.staging.excentric.id\/consultoria-investigacao\/#breadcrumb\",\"itemListElement\":[{\"@type\":\"ListItem\",\"position\":1,\"name\":\"Home\",\"item\":\"https:\/\/a2p-2023.staging.excentric.id\/\"},{\"@type\":\"ListItem\",\"position\":2,\"name\":\"Consulting &#038; Investigation\"}]},{\"@type\":\"WebSite\",\"@id\":\"https:\/\/a2p-2023.staging.excentric.id\/#website\",\"url\":\"https:\/\/a2p-2023.staging.excentric.id\/\",\"name\":\"A2P\",\"description\":\"\",\"potentialAction\":[{\"@type\":\"SearchAction\",\"target\":{\"@type\":\"EntryPoint\",\"urlTemplate\":\"https:\/\/a2p-2023.staging.excentric.id\/?s={search_term_string}\"},\"query-input\":{\"@type\":\"PropertyValueSpecification\",\"valueRequired\":true,\"valueName\":\"search_term_string\"}}],\"inLanguage\":\"en-US\"}]}<\/script>\n<!-- \/ Yoast SEO plugin. -->","yoast_head_json":{"title":"Consulting & Investigation - A2P","description":"Ao longo da sua hist\u00f3ria, a A2P teve a oportunidade de levar o seu conhecimento e a sua arte al\u00e9m dos projetos, elaborando estudos e pareceres de \u00e2mbito estrutural, designadamente diagn\u00f3sticos estruturais, peritagens, inspe\u00e7\u00f5es t\u00e9cnicas, revis\u00e3o e coordena\u00e7\u00e3o de projeto.","robots":{"index":"index","follow":"follow","max-snippet":"max-snippet:-1","max-image-preview":"max-image-preview:large","max-video-preview":"max-video-preview:-1"},"canonical":"https:\/\/a2p-2023.staging.excentric.id\/consultoria-investigacao\/","og_locale":"en_US","og_type":"article","og_title":"Consulting & Investigation - A2P","og_description":"Ao longo da sua hist\u00f3ria, a A2P teve a oportunidade de levar o seu conhecimento e a sua arte al\u00e9m dos projetos, elaborando estudos e pareceres de \u00e2mbito estrutural, designadamente diagn\u00f3sticos estruturais, peritagens, inspe\u00e7\u00f5es t\u00e9cnicas, revis\u00e3o e coordena\u00e7\u00e3o de projeto.","og_url":"https:\/\/a2p-2023.staging.excentric.id\/consultoria-investigacao\/","og_site_name":"A2P","article_modified_time":"2024-04-04T16:32:53+00:00","twitter_card":"summary_large_image","twitter_misc":{"Est. reading time":"1 minute"},"schema":{"@context":"https:\/\/schema.org","@graph":[{"@type":"WebPage","@id":"https:\/\/a2p-2023.staging.excentric.id\/consultoria-investigacao\/","url":"https:\/\/a2p-2023.staging.excentric.id\/consultoria-investigacao\/","name":"Consulting & Investigation - A2P","isPartOf":{"@id":"https:\/\/a2p-2023.staging.excentric.id\/#website"},"datePublished":"2023-08-06T17:47:10+00:00","dateModified":"2024-04-04T16:32:53+00:00","description":"Ao longo da sua hist\u00f3ria, a A2P teve a oportunidade de levar o seu conhecimento e a sua arte al\u00e9m dos projetos, elaborando estudos e pareceres de \u00e2mbito estrutural, designadamente diagn\u00f3sticos estruturais, peritagens, inspe\u00e7\u00f5es t\u00e9cnicas, revis\u00e3o e coordena\u00e7\u00e3o de projeto.","breadcrumb":{"@id":"https:\/\/a2p-2023.staging.excentric.id\/consultoria-investigacao\/#breadcrumb"},"inLanguage":"en-US","potentialAction":[{"@type":"ReadAction","target":["https:\/\/a2p-2023.staging.excentric.id\/consultoria-investigacao\/"]}]},{"@type":"BreadcrumbList","@id":"https:\/\/a2p-2023.staging.excentric.id\/consultoria-investigacao\/#breadcrumb","itemListElement":[{"@type":"ListItem","position":1,"name":"Home","item":"https:\/\/a2p-2023.staging.excentric.id\/"},{"@type":"ListItem","position":2,"name":"Consulting &#038; Investigation"}]},{"@type":"WebSite","@id":"https:\/\/a2p-2023.staging.excentric.id\/#website","url":"https:\/\/a2p-2023.staging.excentric.id\/","name":"A2P","description":"","potentialAction":[{"@type":"SearchAction","target":{"@type":"EntryPoint","urlTemplate":"https:\/\/a2p-2023.staging.excentric.id\/?s={search_term_string}"},"query-input":{"@type":"PropertyValueSpecification","valueRequired":true,"valueName":"search_term_string"}}],"inLanguage":"en-US"}]}},"_links":{"self":[{"href":"https:\/\/a2p-2023.staging.excentric.id\/en\/wp-json\/wp\/v2\/pages\/501","targetHints":{"allow":["GET"]}}],"collection":[{"href":"https:\/\/a2p-2023.staging.excentric.id\/en\/wp-json\/wp\/v2\/pages"}],"about":[{"href":"https:\/\/a2p-2023.staging.excentric.id\/en\/wp-json\/wp\/v2\/types\/page"}],"author":[{"embeddable":true,"href":"https:\/\/a2p-2023.staging.excentric.id\/en\/wp-json\/wp\/v2\/users\/1"}],"replies":[{"embeddable":true,"href":"https:\/\/a2p-2023.staging.excentric.id\/en\/wp-json\/wp\/v2\/comments?post=501"}],"version-history":[{"count":13,"href":"https:\/\/a2p-2023.staging.excentric.id\/en\/wp-json\/wp\/v2\/pages\/501\/revisions"}],"predecessor-version":[{"id":1502,"href":"https:\/\/a2p-2023.staging.excentric.id\/en\/wp-json\/wp\/v2\/pages\/501\/revisions\/1502"}],"wp:attachment":[{"href":"https:\/\/a2p-2023.staging.excentric.id\/en\/wp-json\/wp\/v2\/media?parent=501"}],"curies":[{"name":"wp","href":"https:\/\/api.w.org\/{rel}","templated":true}]}}